{"id":3827,"date":"2023-04-19T14:39:04","date_gmt":"2023-04-19T12:39:04","guid":{"rendered":"https:\/\/mistab-sweden.com\/product-areas\/condensers\/"},"modified":"2023-04-19T14:39:04","modified_gmt":"2023-04-19T12:39:04","slug":"condensers","status":"publish","type":"page","link":"https:\/\/mistab-sweden.com\/en\/product-areas\/condensers\/","title":{"rendered":"Condensers"},"content":{"rendered":"\t\t<div data-elementor-type=\"wp-page\" data-elementor-id=\"3827\" class=\"elementor elementor-3827 elementor-1675\" data-elementor-settings=\"{&quot;ha_cmc_init_switcher&quot;:&quot;no&quot;}\" data-elementor-post-type=\"page\">\n\t\t\t\t\t\t<section data-particle_enable=\"false\" data-particle-mobile-disabled=\"false\" class=\"elementor-section elementor-top-section elementor-element elementor-element-11a2d15 elementor-section-boxed elementor-section-height-default elementor-section-height-default\" data-id=\"11a2d15\" data-element_type=\"section\" data-e-type=\"section\" data-settings=\"{&quot;_ha_eqh_enable&quot;:false}\">\n\t\t\t\t\t\t<div class=\"elementor-container elementor-column-gap-default\">\n\t\t\t\t\t<div class=\"elementor-column elementor-col-100 elementor-top-column elementor-element elementor-element-15f9f3e\" data-id=\"15f9f3e\" data-element_type=\"column\" data-e-type=\"column\">\n\t\t\t<div class=\"elementor-widget-wrap elementor-element-populated\">\n\t\t\t\t\t\t<div class=\"elementor-element elementor-element-73f2b31 elementor-widget elementor-widget-heading\" data-id=\"73f2b31\" data-element_type=\"widget\" data-e-type=\"widget\" data-widget_type=\"heading.default\">\n\t\t\t\t<div class=\"elementor-widget-container\">\n\t\t\t\t\t<h1 class=\"elementor-heading-title elementor-size-default\">Condensers<\/h1>\t\t\t\t<\/div>\n\t\t\t\t<\/div>\n\t\t\t\t<div class=\"elementor-element elementor-element-5efef32 elementor-widget-divider--view-line elementor-widget elementor-widget-divider\" data-id=\"5efef32\" data-element_type=\"widget\" data-e-type=\"widget\" data-widget_type=\"divider.default\">\n\t\t\t\t<div class=\"elementor-widget-container\">\n\t\t\t\t\t\t\t<div class=\"elementor-divider\">\n\t\t\t<span class=\"elementor-divider-separator\">\n\t\t\t\t\t\t<\/span>\n\t\t<\/div>\n\t\t\t\t\t\t<\/div>\n\t\t\t\t<\/div>\n\t\t\t\t<section data-particle_enable=\"false\" data-particle-mobile-disabled=\"false\" class=\"elementor-section elementor-inner-section elementor-element elementor-element-1987233 elementor-section-boxed elementor-section-height-default elementor-section-height-default\" data-id=\"1987233\" data-element_type=\"section\" data-e-type=\"section\" data-settings=\"{&quot;_ha_eqh_enable&quot;:false}\">\n\t\t\t\t\t\t<div class=\"elementor-container elementor-column-gap-default\">\n\t\t\t\t\t<div class=\"elementor-column elementor-col-50 elementor-inner-column elementor-element elementor-element-500d8a2\" data-id=\"500d8a2\" data-element_type=\"column\" data-e-type=\"column\">\n\t\t\t<div class=\"elementor-widget-wrap elementor-element-populated\">\n\t\t\t\t\t\t<div class=\"elementor-element elementor-element-bfb76a3 elementor-widget elementor-widget-text-editor\" data-id=\"bfb76a3\" data-element_type=\"widget\" data-e-type=\"widget\" data-widget_type=\"text-editor.default\">\n\t\t\t\t<div class=\"elementor-widget-container\">\n\t\t\t\t\t\t\t\t\t<p><strong>MISTAB<\/strong> supplies condenser systems in customer-specific applications where the purpose can be partial or total condensation of process streams.<\/p>\n<p><strong>MISTAB<\/strong> utilizes modern calculation tools, including CHEMCAD, and possesses a large media library for most industrially occurring substances and compounds.<\/p>\n\t\t\t\t\t\t\t\t<\/div>\n\t\t\t\t<\/div>\n\t\t\t\t\t<\/div>\n\t\t<\/div>\n\t\t\t\t<div class=\"elementor-column elementor-col-50 elementor-inner-column elementor-element elementor-element-69c8977\" data-id=\"69c8977\" data-element_type=\"column\" data-e-type=\"column\">\n\t\t\t<div class=\"elementor-widget-wrap elementor-element-populated\">\n\t\t\t\t\t\t<div class=\"elementor-element elementor-element-0e4e63c elementor-widget elementor-widget-gallery\" data-id=\"0e4e63c\" data-element_type=\"widget\" data-e-type=\"widget\" data-settings=\"{&quot;columns&quot;:1,&quot;columns_tablet&quot;:1,&quot;gallery_layout&quot;:&quot;grid&quot;,&quot;columns_mobile&quot;:1,&quot;gap&quot;:{&quot;unit&quot;:&quot;px&quot;,&quot;size&quot;:10,&quot;sizes&quot;:[]},&quot;gap_tablet&quot;:{&quot;unit&quot;:&quot;px&quot;,&quot;size&quot;:10,&quot;sizes&quot;:[]},&quot;gap_mobile&quot;:{&quot;unit&quot;:&quot;px&quot;,&quot;size&quot;:10,&quot;sizes&quot;:[]},&quot;link_to&quot;:&quot;file&quot;,&quot;aspect_ratio&quot;:&quot;3:2&quot;,&quot;content_hover_animation&quot;:&quot;fade-in&quot;}\" data-widget_type=\"gallery.default\">\n\t\t\t\t<div class=\"elementor-widget-container\">\n\t\t\t\t\t\t\t<div class=\"elementor-gallery__container\">\n\t\t\t\t\t\t\t<a class=\"e-gallery-item elementor-gallery-item elementor-animated-content\" href=\"https:\/\/mistab-sweden.com\/wp-content\/uploads\/2022\/08\/Kondensorer.jpg\" data-elementor-open-lightbox=\"yes\" data-elementor-lightbox-slideshow=\"0e4e63c\" data-elementor-lightbox-title=\"Kondensorer\" data-e-action-hash=\"#elementor-action%3Aaction%3Dlightbox%26settings%3DeyJpZCI6Mjc4MiwidXJsIjoiaHR0cHM6XC9cL21pc3RhYi1zd2VkZW4uY29tXC93cC1jb250ZW50XC91cGxvYWRzXC8yMDIyXC8wOFwvS29uZGVuc29yZXIuanBnIiwic2xpZGVzaG93IjoiMGU0ZTYzYyJ9\">\n\t\t\t\t\t<div class=\"e-gallery-image elementor-gallery-item__image\" data-thumbnail=\"https:\/\/mistab-sweden.com\/wp-content\/uploads\/2022\/08\/Kondensorer.jpg\" data-width=\"600\" data-height=\"658\" aria-label=\"\" role=\"img\" ><\/div>\n\t\t\t\t\t\t\t\t\t\t\t\t\t\t<\/a>\n\t\t\t\t\t<\/div>\n\t\t\t\t\t<\/div>\n\t\t\t\t<\/div>\n\t\t\t\t\t<\/div>\n\t\t<\/div>\n\t\t\t\t\t<\/div>\n\t\t<\/section>\n\t\t\t\t\t<\/div>\n\t\t<\/div>\n\t\t\t\t\t<\/div>\n\t\t<\/section>\n\t\t\t\t<\/div>\n\t\t","protected":false},"excerpt":{"rendered":"<p>Kondensorer MISTAB levererar kondensorsystem till kundspecifika applikationer d\u00e4r syftet kan vara partial eller totalkondensering av process str\u00f6mmar samt optimal energi\u00e5tervinning baserat p\u00e5 gasstr\u00f6mmarnas specifika karakt\u00e4r. MISTAB anv\u00e4nder sig av moderna ber\u00e4kningsverktyg bland annat CHEMCAD och besitter ett stort media bibliotek f\u00f6r de flesta industriellt f\u00f6rekommande \u00e4mnen och f\u00f6reningar.<\/p>\n","protected":false},"author":3,"featured_media":0,"parent":3802,"menu_order":0,"comment_status":"closed","ping_status":"closed","template":"","meta":{"footnotes":""},"class_list":["post-3827","page","type-page","status-publish","hentry"],"_links":{"self":[{"href":"https:\/\/mistab-sweden.com\/en\/wp-json\/wp\/v2\/pages\/3827","targetHints":{"allow":["GET"]}}],"collection":[{"href":"https:\/\/mistab-sweden.com\/en\/wp-json\/wp\/v2\/pages"}],"about":[{"href":"https:\/\/mistab-sweden.com\/en\/wp-json\/wp\/v2\/types\/page"}],"author":[{"embeddable":true,"href":"https:\/\/mistab-sweden.com\/en\/wp-json\/wp\/v2\/users\/3"}],"replies":[{"embeddable":true,"href":"https:\/\/mistab-sweden.com\/en\/wp-json\/wp\/v2\/comments?post=3827"}],"version-history":[{"count":0,"href":"https:\/\/mistab-sweden.com\/en\/wp-json\/wp\/v2\/pages\/3827\/revisions"}],"up":[{"embeddable":true,"href":"https:\/\/mistab-sweden.com\/en\/wp-json\/wp\/v2\/pages\/3802"}],"wp:attachment":[{"href":"https:\/\/mistab-sweden.com\/en\/wp-json\/wp\/v2\/media?parent=3827"}],"curies":[{"name":"wp","href":"https:\/\/api.w.org\/{rel}","templated":true}]}}